{"id":9,"date":"2025-01-31T11:20:30","date_gmt":"2025-01-31T14:20:30","guid":{"rendered":"https:\/\/casahunter.org.br\/futuronaoseapaga\/?page_id=9"},"modified":"2025-03-12T14:27:15","modified_gmt":"2025-03-12T17:27:15","slug":"futuro-nao-se-apaga","status":"publish","type":"page","link":"https:\/\/casahunter.org.br\/futuronaoseapaga\/","title":{"rendered":"Futuro n\u00e3o se apaga."},"content":{"rendered":"\t\t<div data-elementor-type=\"wp-page\" data-elementor-id=\"9\" class=\"elementor elementor-9\" data-elementor-post-type=\"page\">\n\t\t\t\t<div class=\"elementor-element elementor-element-740d945 e-flex e-con-boxed e-con e-parent\" data-id=\"740d945\" data-element_type=\"container\" data-settings=\"{&quot;background_background&quot;:&quot;classic&quot;}\">\n\t\t\t\t\t<div class=\"e-con-inner\">\n\t\t\t\t<div class=\"elementor-element elementor-element-b0f9d6f elementor-widget elementor-widget-image\" data-id=\"b0f9d6f\" data-element_type=\"widget\" data-widget_type=\"image.default\">\n\t\t\t\t<div class=\"elementor-widget-container\">\n\t\t\t\t\t\t\t\t\t\t\t\t\t\t\t<img fetchpriority=\"high\" decoding=\"async\" width=\"1500\" height=\"435\" src=\"https:\/\/casahunter.org.br\/futuronaoseapaga\/wp-content\/uploads\/2025\/01\/header4.jpg\" class=\"attachment-full size-full wp-image-70\" alt=\"\" srcset=\"https:\/\/casahunter.org.br\/futuronaoseapaga\/wp-content\/uploads\/2025\/01\/header4.jpg 1500w, https:\/\/casahunter.org.br\/futuronaoseapaga\/wp-content\/uploads\/2025\/01\/header4-300x87.jpg 300w, https:\/\/casahunter.org.br\/futuronaoseapaga\/wp-content\/uploads\/2025\/01\/header4-1024x297.jpg 1024w, https:\/\/casahunter.org.br\/futuronaoseapaga\/wp-content\/uploads\/2025\/01\/header4-768x223.jpg 768w\" sizes=\"(max-width: 1500px) 100vw, 1500px\" \/>\t\t\t\t\t\t\t\t\t\t\t\t\t\t\t<\/div>\n\t\t\t\t<\/div>\n\t\t\t\t\t<\/div>\n\t\t\t\t<\/div>\n\t\t<div class=\"elementor-element elementor-element-4099ae7 e-flex e-con-boxed e-con e-parent\" data-id=\"4099ae7\" data-element_type=\"container\">\n\t\t\t\t\t<div class=\"e-con-inner\">\n\t\t\t\t<div class=\"elementor-element elementor-element-10b2716 elementor-widget elementor-widget-video\" data-id=\"10b2716\" data-element_type=\"widget\" data-settings=\"{&quot;video_type&quot;:&quot;hosted&quot;,&quot;autoplay&quot;:&quot;yes&quot;,&quot;mute&quot;:&quot;yes&quot;,&quot;play_on_mobile&quot;:&quot;yes&quot;,&quot;controls&quot;:&quot;yes&quot;}\" data-widget_type=\"video.default\">\n\t\t\t\t<div class=\"elementor-widget-container\">\n\t\t\t\t\t\t\t<div class=\"e-hosted-video elementor-wrapper elementor-open-inline\">\n\t\t\t\t\t<video class=\"elementor-video\" src=\"https:\/\/casahunter.org.br\/futuronaoseapaga\/wp-content\/uploads\/2025\/01\/ESTAO-APAGANDO-NOSSO-FUTURO-FINAL_1.mp4\" autoplay=\"\" controls=\"\" muted=\"muted\" playsinline=\"\" controlsList=\"nodownload\"><\/video>\n\t\t\t\t<\/div>\n\t\t\t\t\t\t<\/div>\n\t\t\t\t<\/div>\n\t\t\t\t<div class=\"elementor-element elementor-element-0863061 elementor-widget elementor-widget-heading\" data-id=\"0863061\" data-element_type=\"widget\" data-widget_type=\"heading.default\">\n\t\t\t\t<div class=\"elementor-widget-container\">\n\t\t\t\t\t<h2 class=\"elementor-heading-title elementor-size-default\">Carta aberta \u00e0 sociedade<\/h2>\t\t\t\t<\/div>\n\t\t\t\t<\/div>\n\t\t<div class=\"elementor-element elementor-element-01d5c77 e-grid e-con-full e-con e-child\" data-id=\"01d5c77\" data-element_type=\"container\">\n\t\t\t\t<div class=\"elementor-element elementor-element-ad1f976 elementor-widget elementor-widget-image\" data-id=\"ad1f976\" data-element_type=\"widget\" data-widget_type=\"image.default\">\n\t\t\t\t<div class=\"elementor-widget-container\">\n\t\t\t\t\t\t\t\t\t\t\t\t\t\t\t<img decoding=\"async\" width=\"500\" height=\"625\" src=\"https:\/\/casahunter.org.br\/futuronaoseapaga\/wp-content\/uploads\/2025\/01\/campanha_01.jpg\" class=\"attachment-large size-large wp-image-27\" alt=\"\" srcset=\"https:\/\/casahunter.org.br\/futuronaoseapaga\/wp-content\/uploads\/2025\/01\/campanha_01.jpg 500w, https:\/\/casahunter.org.br\/futuronaoseapaga\/wp-content\/uploads\/2025\/01\/campanha_01-240x300.jpg 240w\" sizes=\"(max-width: 500px) 100vw, 500px\" \/>\t\t\t\t\t\t\t\t\t\t\t\t\t\t\t<\/div>\n\t\t\t\t<\/div>\n\t\t\t\t<div class=\"elementor-element elementor-element-c07bbca elementor-widget elementor-widget-image\" data-id=\"c07bbca\" data-element_type=\"widget\" data-widget_type=\"image.default\">\n\t\t\t\t<div class=\"elementor-widget-container\">\n\t\t\t\t\t\t\t\t\t\t\t\t\t\t\t<img decoding=\"async\" width=\"500\" height=\"625\" src=\"https:\/\/casahunter.org.br\/futuronaoseapaga\/wp-content\/uploads\/2025\/01\/campanha_04.jpg\" class=\"attachment-large size-large wp-image-28\" alt=\"\" srcset=\"https:\/\/casahunter.org.br\/futuronaoseapaga\/wp-content\/uploads\/2025\/01\/campanha_04.jpg 500w, https:\/\/casahunter.org.br\/futuronaoseapaga\/wp-content\/uploads\/2025\/01\/campanha_04-240x300.jpg 240w\" sizes=\"(max-width: 500px) 100vw, 500px\" \/>\t\t\t\t\t\t\t\t\t\t\t\t\t\t\t<\/div>\n\t\t\t\t<\/div>\n\t\t\t\t<div class=\"elementor-element elementor-element-51d37b9 elementor-widget elementor-widget-image\" data-id=\"51d37b9\" data-element_type=\"widget\" data-widget_type=\"image.default\">\n\t\t\t\t<div class=\"elementor-widget-container\">\n\t\t\t\t\t\t\t\t\t\t\t\t\t\t\t<img loading=\"lazy\" decoding=\"async\" width=\"500\" height=\"625\" src=\"https:\/\/casahunter.org.br\/futuronaoseapaga\/wp-content\/uploads\/2025\/01\/campanha_03.jpg\" class=\"attachment-large size-large wp-image-30\" alt=\"\" srcset=\"https:\/\/casahunter.org.br\/futuronaoseapaga\/wp-content\/uploads\/2025\/01\/campanha_03.jpg 500w, https:\/\/casahunter.org.br\/futuronaoseapaga\/wp-content\/uploads\/2025\/01\/campanha_03-240x300.jpg 240w\" sizes=\"(max-width: 500px) 100vw, 500px\" \/>\t\t\t\t\t\t\t\t\t\t\t\t\t\t\t<\/div>\n\t\t\t\t<\/div>\n\t\t\t\t<\/div>\n\t\t<div class=\"elementor-element elementor-element-7d83c8c e-grid e-con-full e-con e-child\" data-id=\"7d83c8c\" data-element_type=\"container\">\n\t\t\t\t<div class=\"elementor-element elementor-element-938620a elementor-widget elementor-widget-video\" data-id=\"938620a\" data-element_type=\"widget\" data-settings=\"{&quot;youtube_url&quot;:&quot;https:\\\/\\\/www.youtube.com\\\/shorts\\\/lNfFtpJWyq0&quot;,&quot;video_type&quot;:&quot;youtube&quot;,&quot;controls&quot;:&quot;yes&quot;}\" data-widget_type=\"video.default\">\n\t\t\t\t<div class=\"elementor-widget-container\">\n\t\t\t\t\t\t\t<div class=\"elementor-wrapper elementor-open-inline\">\n\t\t\t<div class=\"elementor-video\"><\/div>\t\t<\/div>\n\t\t\t\t\t\t<\/div>\n\t\t\t\t<\/div>\n\t\t\t\t<div class=\"elementor-element elementor-element-3aff50a elementor-widget elementor-widget-text-editor\" data-id=\"3aff50a\" data-element_type=\"widget\" data-widget_type=\"text-editor.default\">\n\t\t\t\t<div class=\"elementor-widget-container\">\n\t\t\t\t\t\t\t\t\t<p class=\"p3\"><span class=\"s1\">Diante da recente determina\u00e7\u00e3o do Supremo Tribunal Federal (STF), que restringe a concess\u00e3o judicial de tratamentos n\u00e3o incorporados no Sistema \u00danico de Sa\u00fade (SUS), viemos a p\u00fablico nos manifestar.\u00a0<\/span><\/p><p class=\"p3\"><span class=\"s1\">Primeiramente, reconhecemos que a decis\u00e3o da suprema corte busca trazer mais racionalidade e previsibilidade \u00e0 judicializa\u00e7\u00e3o da sa\u00fade. Entretanto, \u00e9 essencial destacar como alguns dos crit\u00e9rios estabelecidos podem criar desafios significativos para os pacientes que necessitam de tratamentos espec\u00edficos. Vamos esclarecer esses pontos.<\/span><\/p><p class=\"p3\"><span class=\"s1\">O STF condicionou a concess\u00e3o de medicamentos \u00e0 sua incorpora\u00e7\u00e3o no SUS, exigindo evid\u00eancias cient\u00edficas robustas, como estudos randomizados em larga escala. Essa exig\u00eancia, embora baseada em boas pr\u00e1ticas de avalia\u00e7\u00e3o, desconsidera que tratamentos inovadores, principalmente para doen\u00e7as raras, frequentemente n\u00e3o contam com estudos amplos devido \u00e0 baixa preval\u00eancia dos casos. Sugerimos que outros tipos de evid\u00eancia cient\u00edfica, como estudos observacionais, tamb\u00e9m sejam considerados em situa\u00e7\u00f5es excepcionais.<\/span><\/p><p class=\"p3\"><span class=\"s1\">Al\u00e9m disso, \u00e9 importante lembrar que medicamentos registrados pela Ag\u00eancia Nacional de Vigil\u00e2ncia Sanit\u00e1ria (Anvisa) j\u00e1 passaram por rigorosas avalia\u00e7\u00f5es de seguran\u00e7a e efic\u00e1cia, seguindo padr\u00f5es internacionais e nacionais que garantem sua seguran\u00e7a. Essas avalia\u00e7\u00f5es incluem an\u00e1lises aprofundadas de dados cl\u00ednicos, estudos de toxicidade, e inspe\u00e7\u00f5es das boas pr\u00e1ticas de fabrica\u00e7\u00e3o, assegurando que os medicamentos atendam aos requisitos m\u00ednimos necess\u00e1rios para proteger a sa\u00fade da popula\u00e7\u00e3o. <\/span><\/p><p class=\"p3\"><span class=\"s1\">Nesse sentido, deve ser observado o processo regulat\u00f3rio estabelecido e garantir que o direito constitucional \u00e0 sa\u00fade, previsto no artigo 196 da Constitui\u00e7\u00e3o Federal, seja efetivamente resguardado. \u00c9 preciso assegurar o acesso \u00e0queles que necessitam de tratamento, especialmente quando a burocracia ou limita\u00e7\u00f5es estruturais do sistema de sa\u00fade colocam em risco a vida dos cidad\u00e3os.<\/span><\/p><p class=\"p3\"><span class=\"s1\">N\u00e3o podemos ignorar que a decis\u00e3o impacta n\u00e3o apenas as pessoas com doen\u00e7as raras \u2014 que representam cerca de 13 milh\u00f5es de brasileiros \u2014, mas tamb\u00e9m pacientes com doen\u00e7as cr\u00f4nicas e oncol\u00f3gicas que necessitam de tecnologias inovadoras de alto custo. Todos esses cidad\u00e3os enfrentam barreiras adicionais para acessar tratamentos que podem salvar ou melhorar suas vidas.<\/span><\/p><p class=\"p3\"><span class=\"s1\">Sabemos que os recursos p\u00fablicos s\u00e3o limitados. Contudo, em 2023, o Minist\u00e9rio da Sa\u00fade destinou aproximadamente R$ 1,4 bilh\u00e3o para medicamentos n\u00e3o incorporados ao SUS, o que representa apenas 0,028% do or\u00e7amento da Uni\u00e3o. Esses dados mostram que o custo financeiro, embora relevante, pode ser administrado de forma mais eficiente por meio de processos formais e transparentes.<\/span><\/p><p class=\"p3\"><span class=\"s1\">Refor\u00e7amos que n\u00e3o defendemos a judicializa\u00e7\u00e3o como solu\u00e7\u00e3o priorit\u00e1ria. Pelo contr\u00e1rio, nosso pleito \u00e9 por um sistema de sa\u00fade mais eficiente, com processos administrativos c\u00e9leres e acess\u00edveis. O tempo \u00e9 crucial para pacientes com doen\u00e7as progressivas e incapacitantes, pois a demora no tratamento pode levar \u00e0 perda irrevers\u00edvel de fun\u00e7\u00f5es vitais ou mesmo \u00e0 morte.<\/span><\/p><p class=\"p3\"><span class=\"s1\">Por isso, destacamos a urg\u00eancia de se investir em pol\u00edticas p\u00fablicas que garantam um sistema de sa\u00fade inclusivo e responsivo. A decis\u00e3o do STF exige um olhar atento, pois sua implementa\u00e7\u00e3o inadequada pode trazer consequ\u00eancias graves para milhares de brasileiros. <\/span><\/p><p class=\"p3\"><span class=\"s1\">Convidamos a sociedade, os gestores e os legisladores a refletirem sobre a import\u00e2ncia de construir um sistema de sa\u00fade que assegure o direito fundamental \u00e0 vida e \u00e0 sa\u00fade, priorizando solu\u00e7\u00f5es que realmente atendam \u00e0s necessidades da popula\u00e7\u00e3o.<\/span><\/p>\t\t\t\t\t\t\t\t<\/div>\n\t\t\t\t<\/div>\n\t\t\t\t<\/div>\n\t\t\t\t\t<\/div>\n\t\t\t\t<\/div>\n\t\t<div class=\"elementor-element elementor-element-41c5f68 e-flex e-con-boxed e-con e-parent\" data-id=\"41c5f68\" data-element_type=\"container\" data-settings=\"{&quot;background_background&quot;:&quot;classic&quot;}\">\n\t\t\t\t\t<div class=\"e-con-inner\">\n\t\t\t\t<div class=\"elementor-element elementor-element-5a2eceb elementor-widget elementor-widget-image\" data-id=\"5a2eceb\" data-element_type=\"widget\" data-widget_type=\"image.default\">\n\t\t\t\t<div class=\"elementor-widget-container\">\n\t\t\t\t\t\t\t\t\t\t\t\t\t\t\t<img loading=\"lazy\" decoding=\"async\" width=\"800\" height=\"638\" src=\"https:\/\/casahunter.org.br\/futuronaoseapaga\/wp-content\/uploads\/2025\/01\/associadas-1024x817.jpg\" class=\"attachment-large size-large wp-image-25\" alt=\"\" srcset=\"https:\/\/casahunter.org.br\/futuronaoseapaga\/wp-content\/uploads\/2025\/01\/associadas-1024x817.jpg 1024w, https:\/\/casahunter.org.br\/futuronaoseapaga\/wp-content\/uploads\/2025\/01\/associadas-300x239.jpg 300w, https:\/\/casahunter.org.br\/futuronaoseapaga\/wp-content\/uploads\/2025\/01\/associadas-768x613.jpg 768w, https:\/\/casahunter.org.br\/futuronaoseapaga\/wp-content\/uploads\/2025\/01\/associadas-1536x1225.jpg 1536w, https:\/\/casahunter.org.br\/futuronaoseapaga\/wp-content\/uploads\/2025\/01\/associadas-2048x1633.jpg 2048w\" sizes=\"(max-width: 800px) 100vw, 800px\" \/>\t\t\t\t\t\t\t\t\t\t\t\t\t\t\t<\/div>\n\t\t\t\t<\/div>\n\t\t\t\t\t<\/div>\n\t\t\t\t<\/div>\n\t\t\t\t<\/div>\n\t\t","protected":false},"excerpt":{"rendered":"<p>https:\/\/casahunter.org.br\/futuronaoseapaga\/wp-content\/uploads\/2025\/01\/ESTAO-APAGANDO-NOSSO-FUTURO-FINAL_1.mp4 Carta aberta \u00e0 sociedade https:\/\/www.youtube.com\/shorts\/lNfFtpJWyq0 Diante da recente determina\u00e7\u00e3o do Supremo Tribunal Federal (STF), que restringe a concess\u00e3o judicial de tratamentos n\u00e3o incorporados no Sistema \u00danico de Sa\u00fade (SUS), viemos a p\u00fablico nos manifestar.\u00a0 Primeiramente, reconhecemos que a decis\u00e3o da suprema corte busca trazer mais racionalidade e previsibilidade \u00e0 judicializa\u00e7\u00e3o da sa\u00fade. Entretanto, \u00e9 [&hellip;]<\/p>\n","protected":false},"author":1,"featured_media":0,"parent":0,"menu_order":0,"comment_status":"closed","ping_status":"closed","template":"elementor_canvas","meta":{"footnotes":""},"class_list":["post-9","page","type-page","status-publish","hentry"],"_links":{"self":[{"href":"https:\/\/casahunter.org.br\/futuronaoseapaga\/wp-json\/wp\/v2\/pages\/9","targetHints":{"allow":["GET"]}}],"collection":[{"href":"https:\/\/casahunter.org.br\/futuronaoseapaga\/wp-json\/wp\/v2\/pages"}],"about":[{"href":"https:\/\/casahunter.org.br\/futuronaoseapaga\/wp-json\/wp\/v2\/types\/page"}],"author":[{"embeddable":true,"href":"https:\/\/casahunter.org.br\/futuronaoseapaga\/wp-json\/wp\/v2\/users\/1"}],"replies":[{"embeddable":true,"href":"https:\/\/casahunter.org.br\/futuronaoseapaga\/wp-json\/wp\/v2\/comments?post=9"}],"version-history":[{"count":52,"href":"https:\/\/casahunter.org.br\/futuronaoseapaga\/wp-json\/wp\/v2\/pages\/9\/revisions"}],"predecessor-version":[{"id":90,"href":"https:\/\/casahunter.org.br\/futuronaoseapaga\/wp-json\/wp\/v2\/pages\/9\/revisions\/90"}],"wp:attachment":[{"href":"https:\/\/casahunter.org.br\/futuronaoseapaga\/wp-json\/wp\/v2\/media?parent=9"}],"curies":[{"name":"wp","href":"https:\/\/api.w.org\/{rel}","templated":true}]}}